{"id":3568,"date":"2020-04-28T12:36:01","date_gmt":"2020-04-28T12:36:01","guid":{"rendered":"https:\/\/laurent.qodeinteractive.com\/elementor\/?page_id=3568"},"modified":"2026-04-13T20:58:35","modified_gmt":"2026-04-13T18:58:35","slug":"reservation-restaurant-strasbourg","status":"publish","type":"page","link":"https:\/\/epicurien-restaurant.fr\/en\/reservation-restaurant-strasbourg\/","title":{"rendered":"Reservation"},"content":{"rendered":"<div data-elementor-type=\"wp-page\" data-elementor-id=\"3568\" class=\"elementor elementor-3568\">\n\t\t\t\t\t\t<section class=\"elementor-section elementor-top-section elementor-element elementor-element-698a598 elementor-section-boxed elementor-section-height-default elementor-section-height-default eltdf-parallax-row-no eltdf-content-aligment-left eltdf-elementor-row-grid-no eltdf-disabled-bg-image-bellow-no\" data-id=\"698a598\" data-element_type=\"section\" data-e-type=\"section\">\n\t\t\t\t\t\t<div class=\"elementor-container elementor-column-gap-default\">\n\t\t\t\t\t<div class=\"elementor-column elementor-col-100 elementor-top-column elementor-element elementor-element-153e2ce\" data-id=\"153e2ce\" data-element_type=\"column\" data-e-type=\"column\">\n\t\t\t<div class=\"elementor-widget-wrap\">\n\t\t\t\t\t\t\t<\/div>\n\t\t<\/div>\n\t\t\t\t\t<\/div>\n\t\t<\/section>\n\t\t\t\t<section class=\"elementor-section elementor-top-section elementor-element elementor-element-14d5ef5 eltdf-elementor-row-grid-section elementor-section-boxed elementor-section-height-default elementor-section-height-default eltdf-parallax-row-no eltdf-content-aligment-left eltdf-disabled-bg-image-bellow-no\" data-id=\"14d5ef5\" data-element_type=\"section\" data-e-type=\"section\">\n\t\t\t\t\t\t<div class=\"elementor-container elementor-column-gap-default\">\n\t\t\t\t\t<div class=\"elementor-column elementor-col-100 elementor-top-column elementor-element elementor-element-797378a\" data-id=\"797378a\" data-element_type=\"column\" data-e-type=\"column\">\n\t\t\t<div class=\"elementor-widget-wrap elementor-element-populated\">\n\t\t\t\t\t\t<div class=\"elementor-element elementor-element-4d6d167 elementor-widget elementor-widget-heading\" data-id=\"4d6d167\" data-element_type=\"widget\" data-e-type=\"widget\" data-widget_type=\"heading.default\">\n\t\t\t\t<div class=\"elementor-widget-container\">\n\t\t\t\t\t<h2 class=\"elementor-heading-title elementor-size-default\">R\u00e9servation restaurant <br>Strasbourg <span style=\"font-size: 1.4em\">l'\u00c9picurien <\/span><span style=\"font-size: 1.4em;letter-spacing: 0px\"><\/span><br><\/h2>\t\t\t\t<\/div>\n\t\t\t\t<\/div>\n\t\t\t\t<div class=\"elementor-element elementor-element-a19c0ca elementor-widget__width-inherit elementor-widget elementor-widget-text-editor\" data-id=\"a19c0ca\" data-element_type=\"widget\" data-e-type=\"widget\" data-widget_type=\"text-editor.default\">\n\t\t\t\t<div class=\"elementor-widget-container\">\n\t\t\t\t\t\t\t\t\t<p>R\u00e9servez votre table en quelques clics et laissez-vous accueillir dans l&rsquo;une des meilleures adresses de Strasbourg.<\/p><p>Service du midi &amp; soir, groupes bienvenus, ambiance chaleureuse et cuisine 100% faite maison \u2014<\/p><p>\u00a0 <strong>carpaccio \u00e0 volont\u00e9<\/strong>, <strong>viandes s\u00e9lectionn\u00e9es<\/strong>, saveurs authentiques.<\/p><p>Une demande particuli\u00e8re ? <strong>Allergies, \u00e9v\u00e9nement priv\u00e9, anniversaire ou repas d&rsquo;affaires<\/strong> \u2014<\/p><p>\u00a0pr\u00e9cisez-le lors de votre r\u00e9servation ou contactez-nous directement, notre \u00e9quipe s&rsquo;adapte \u00e0 vos besoins.<\/p>\t\t\t\t\t\t\t\t<\/div>\n\t\t\t\t<\/div>\n\t\t\t\t\t<\/div>\n\t\t<\/div>\n\t\t\t\t\t<\/div>\n\t\t<\/section>\n\t\t\t\t<section class=\"elementor-section elementor-top-section elementor-element elementor-element-cdcd824 elementor-section-boxed elementor-section-height-default elementor-section-height-default eltdf-parallax-row-no eltdf-content-aligment-left eltdf-elementor-row-grid-no eltdf-disabled-bg-image-bellow-no\" data-id=\"cdcd824\" data-element_type=\"section\" data-e-type=\"section\">\n\t\t\t\t\t\t<div class=\"elementor-container elementor-column-gap-default\">\n\t\t\t\t\t<div class=\"elementor-column elementor-col-100 elementor-top-column elementor-element elementor-element-cd6114c\" data-id=\"cd6114c\" data-element_type=\"column\" data-e-type=\"column\">\n\t\t\t<div class=\"elementor-widget-wrap elementor-element-populated\">\n\t\t\t\t\t\t<div class=\"elementor-element elementor-element-8b0aab3 elementor-widget elementor-widget-text-editor\" data-id=\"8b0aab3\" data-element_type=\"widget\" data-e-type=\"widget\" data-widget_type=\"text-editor.default\">\n\t\t\t\t<div class=\"elementor-widget-container\">\n\t\t\t\t\t\t\t\t\t<p style=\"text-align: center; font-weight: bold; font-size: 24px; text-transform: uppercase; margin: 0; color: #000000;\"><br \/>\ud83d\udccd <a style=\"color: #bc9a6b !important; text-decoration: none; font-weight: bold;\" href=\"https:\/\/www.google.com\/maps\/place\/9+Rue+de+Berne,+Strasbourg\" target=\"_blank\" rel=\"nofollow noopener\">ITIN\u00c9RAIRE AVEC GOOGLE MAPS<\/a><\/p>\t\t\t\t\t\t\t\t<\/div>\n\t\t\t\t<\/div>\n\t\t\t\t\t<\/div>\n\t\t<\/div>\n\t\t\t\t\t<\/div>\n\t\t<\/section>\n\t\t\t\t<section class=\"elementor-section elementor-top-section elementor-element elementor-element-93ee6dd elementor-section-content-middle elementor-section-boxed elementor-section-height-default elementor-section-height-default eltdf-parallax-row-no eltdf-content-aligment-left eltdf-elementor-row-grid-no eltdf-disabled-bg-image-bellow-no\" data-id=\"93ee6dd\" data-element_type=\"section\" data-e-type=\"section\">\n\t\t\t\t\t\t<div class=\"elementor-container elementor-column-gap-default\">\n\t\t\t\t\t<div class=\"elementor-column elementor-col-100 elementor-top-column elementor-element elementor-element-34e9cfc\" data-id=\"34e9cfc\" data-element_type=\"column\" data-e-type=\"column\">\n\t\t\t<div class=\"elementor-widget-wrap elementor-element-populated\">\n\t\t\t\t\t\t<div class=\"elementor-element elementor-element-ae33cd1 elementor-widget elementor-widget-html\" data-id=\"ae33cd1\" data-element_type=\"widget\" data-e-type=\"widget\" data-widget_type=\"html.default\">\n\t\t\t\t<div class=\"elementor-widget-container\">\n\t\t\t\t\t<p style=\"text-align: center; font-weight: bold; font-size: 24px; text-transform: uppercase; margin: 0; color: #000000;\">\r\n  \ud83d\udcde <a href=\"tel:+33979012881\" style=\"color: #bc9a6b !important; text-decoration: none; font-weight: bold;\">R\u00c9SERVATION AU +33 9 79 01 28 81<\/a>\r\n<\/p>\t\t\t\t<\/div>\n\t\t\t\t<\/div>\n\t\t\t\t\t<\/div>\n\t\t<\/div>\n\t\t\t\t\t<\/div>\n\t\t<\/section>\n\t\t\t\t<section class=\"elementor-section elementor-top-section elementor-element elementor-element-b332d3b elementor-section-boxed elementor-section-height-default elementor-section-height-default eltdf-parallax-row-no eltdf-content-aligment-left eltdf-elementor-row-grid-no eltdf-disabled-bg-image-bellow-no\" data-id=\"b332d3b\" data-element_type=\"section\" data-e-type=\"section\">\n\t\t\t\t\t\t<div class=\"elementor-container elementor-column-gap-default\">\n\t\t\t\t\t<div class=\"elementor-column elementor-col-100 elementor-top-column elementor-element elementor-element-75a932f\" data-id=\"75a932f\" data-element_type=\"column\" data-e-type=\"column\">\n\t\t\t<div class=\"elementor-widget-wrap elementor-element-populated\">\n\t\t\t\t\t\t<div class=\"elementor-element elementor-element-4edc097 elementor-widget elementor-widget-html\" data-id=\"4edc097\" data-element_type=\"widget\" data-e-type=\"widget\" data-widget_type=\"html.default\">\n\t\t\t\t<div class=\"elementor-widget-container\">\n\t\t\t\t\t<div class=\"ep-reservation\">\r\n  <iframe\r\n    class=\"ep-reservation__iframe\"\r\n    title=\"R\u00e9servation \u2013 L'\u00c9picurien Strasbourg\"\r\n    src=\"https:\/\/reservation.laddition.com\/booking\/epicurienstrasbourg\"\r\n    loading=\"lazy\"\r\n  ><\/iframe>\r\n<\/div>\t\t\t\t<\/div>\n\t\t\t\t<\/div>\n\t\t\t\t\t<\/div>\n\t\t<\/div>\n\t\t\t\t\t<\/div>\n\t\t<\/section>\n\t\t\t\t<\/div>","protected":false},"excerpt":{"rendered":"<p>R\u00e9servation restaurant Strasbourg l&rsquo;\u00c9picurien R\u00e9servez votre table en quelques clics et laissez-vous accueillir dans l&rsquo;une des meilleures adresses de Strasbourg. Service du midi &amp; soir, groupes bienvenus, ambiance chaleureuse et cuisine 100% faite maison \u2014 \u00a0 carpaccio \u00e0 volont\u00e9, viandes [&hellip;]<\/p>\n","protected":false},"author":2,"featured_media":0,"parent":0,"menu_order":0,"comment_status":"closed","ping_status":"closed","template":"","meta":{"footnotes":""},"class_list":["post-3568","page","type-page","status-publish","hentry"],"_links":{"self":[{"href":"https:\/\/epicurien-restaurant.fr\/en\/wp-json\/wp\/v2\/pages\/3568","targetHints":{"allow":["GET"]}}],"collection":[{"href":"https:\/\/epicurien-restaurant.fr\/en\/wp-json\/wp\/v2\/pages"}],"about":[{"href":"https:\/\/epicurien-restaurant.fr\/en\/wp-json\/wp\/v2\/types\/page"}],"author":[{"embeddable":true,"href":"https:\/\/epicurien-restaurant.fr\/en\/wp-json\/wp\/v2\/users\/2"}],"replies":[{"embeddable":true,"href":"https:\/\/epicurien-restaurant.fr\/en\/wp-json\/wp\/v2\/comments?post=3568"}],"version-history":[{"count":0,"href":"https:\/\/epicurien-restaurant.fr\/en\/wp-json\/wp\/v2\/pages\/3568\/revisions"}],"wp:attachment":[{"href":"https:\/\/epicurien-restaurant.fr\/en\/wp-json\/wp\/v2\/media?parent=3568"}],"curies":[{"name":"wp","href":"https:\/\/api.w.org\/{rel}","templated":true}]}}